{"id":2039,"date":"2024-06-04T10:19:27","date_gmt":"2024-06-04T10:19:27","guid":{"rendered":"https:\/\/kuklacocukyayinlari.com\/web\/?post_type=product&#038;p=2039"},"modified":"2025-07-23T12:22:24","modified_gmt":"2025-07-23T12:22:24","slug":"ingilizce-atolyesi-1-kitap-7-yas-ustu","status":"publish","type":"product","link":"https:\/\/kuklacocukyayinlari.com\/web\/?product=ingilizce-atolyesi-1-kitap-7-yas-ustu","title":{"rendered":"\u0130NG\u0130L\u0130ZCE AT\u00d6LYES\u0130 1.K\u0130TAP 7+ YA\u015e \u00dcST\u00dc"},"content":{"rendered":"<p>\u0130NG\u0130L\u0130ZCE AT\u00d6LYES\u0130 1.K\u0130TAP 7+ YA\u015e \u00dcST\u00dc<\/p>\n","protected":false},"excerpt":{"rendered":"<p>\u0130NG\u0130L\u0130ZCE AT\u00d6LYES\u0130 1.K\u0130TAP 7+ YA\u015e \u00dcST\u00dc<\/p>\n","protected":false},"featured_media":2040,"template":"","meta":[],"product_brand":[],"product_cat":[15,156],"product_tag":[],"class_list":{"0":"post-2039","1":"product","2":"type-product","3":"status-publish","4":"has-post-thumbnail","6":"product_cat-genel","7":"product_cat-etkinlikler","9":"first","10":"instock","11":"shipping-taxable","12":"purchasable","13":"product-type-simple"},"_links":{"self":[{"href":"https:\/\/kuklacocukyayinlari.com\/web\/index.php?rest_route=\/wp\/v2\/product\/2039","targetHints":{"allow":["GET"]}}],"collection":[{"href":"https:\/\/kuklacocukyayinlari.com\/web\/index.php?rest_route=\/wp\/v2\/product"}],"about":[{"href":"https:\/\/kuklacocukyayinlari.com\/web\/index.php?rest_route=\/wp\/v2\/types\/product"}],"wp:featuredmedia":[{"embeddable":true,"href":"https:\/\/kuklacocukyayinlari.com\/web\/index.php?rest_route=\/wp\/v2\/media\/2040"}],"wp:attachment":[{"href":"https:\/\/kuklacocukyayinlari.com\/web\/index.php?rest_route=%2Fwp%2Fv2%2Fmedia&parent=2039"}],"wp:term":[{"taxonomy":"product_brand","embeddable":true,"href":"https:\/\/kuklacocukyayinlari.com\/web\/index.php?rest_route=%2Fwp%2Fv2%2Fproduct_brand&post=2039"},{"taxonomy":"product_cat","embeddable":true,"href":"https:\/\/kuklacocukyayinlari.com\/web\/index.php?rest_route=%2Fwp%2Fv2%2Fproduct_cat&post=2039"},{"taxonomy":"product_tag","embeddable":true,"href":"https:\/\/kuklacocukyayinlari.com\/web\/index.php?rest_route=%2Fwp%2Fv2%2Fproduct_tag&post=2039"}],"curies":[{"name":"wp","href":"https:\/\/api.w.org\/{rel}","templated":true}]}}