{"id":2034,"date":"2024-01-22T16:08:48","date_gmt":"2024-01-22T16:08:48","guid":{"rendered":"https:\/\/kuklacocukyayinlari.com\/web\/?post_type=product&#038;p=2034"},"modified":"2026-03-26T12:59:38","modified_gmt":"2026-03-26T12:59:38","slug":"temel-matematik-7-yas-ve-ustu","status":"publish","type":"product","link":"https:\/\/kuklacocukyayinlari.com\/web\/?product=temel-matematik-7-yas-ve-ustu","title":{"rendered":"TEMEL MATEMAT\u0130K 7 YA\u015e VE \u00dcST\u00dc"},"content":{"rendered":"<table width=\"432\">\n<tbody>\n<tr>\n<td width=\"432\">TEMEL MATEMAT\u0130K 7 YA\u015e VE \u00dcST\u00dc\u00a0 32 sayfa<\/td>\n<\/tr>\n<\/tbody>\n<\/table>\n","protected":false},"excerpt":{"rendered":"<p>TEMEL MATEMAT\u0130K 7 YA\u015e VE \u00dcST\u00dc\u00a0 32 sayfa<\/p>\n","protected":false},"featured_media":2016,"template":"","meta":[],"product_brand":[],"product_cat":[15,147],"product_tag":[],"class_list":{"0":"post-2034","1":"product","2":"type-product","3":"status-publish","4":"has-post-thumbnail","6":"product_cat-genel","7":"product_cat-okula-yardimci","9":"first","10":"instock","11":"shipping-taxable","12":"purchasable","13":"product-type-simple"},"_links":{"self":[{"href":"https:\/\/kuklacocukyayinlari.com\/web\/index.php?rest_route=\/wp\/v2\/product\/2034","targetHints":{"allow":["GET"]}}],"collection":[{"href":"https:\/\/kuklacocukyayinlari.com\/web\/index.php?rest_route=\/wp\/v2\/product"}],"about":[{"href":"https:\/\/kuklacocukyayinlari.com\/web\/index.php?rest_route=\/wp\/v2\/types\/product"}],"wp:featuredmedia":[{"embeddable":true,"href":"https:\/\/kuklacocukyayinlari.com\/web\/index.php?rest_route=\/wp\/v2\/media\/2016"}],"wp:attachment":[{"href":"https:\/\/kuklacocukyayinlari.com\/web\/index.php?rest_route=%2Fwp%2Fv2%2Fmedia&parent=2034"}],"wp:term":[{"taxonomy":"product_brand","embeddable":true,"href":"https:\/\/kuklacocukyayinlari.com\/web\/index.php?rest_route=%2Fwp%2Fv2%2Fproduct_brand&post=2034"},{"taxonomy":"product_cat","embeddable":true,"href":"https:\/\/kuklacocukyayinlari.com\/web\/index.php?rest_route=%2Fwp%2Fv2%2Fproduct_cat&post=2034"},{"taxonomy":"product_tag","embeddable":true,"href":"https:\/\/kuklacocukyayinlari.com\/web\/index.php?rest_route=%2Fwp%2Fv2%2Fproduct_tag&post=2034"}],"curies":[{"name":"wp","href":"https:\/\/api.w.org\/{rel}","templated":true}]}}