{"id":2024,"date":"2024-01-22T15:47:12","date_gmt":"2024-01-22T15:47:12","guid":{"rendered":"https:\/\/kuklacocukyayinlari.com\/web\/?post_type=product&#038;p=2024"},"modified":"2025-07-23T12:21:02","modified_gmt":"2025-07-23T12:21:02","slug":"zbg-her-gune-1-aktivite-90-aktivite-5-6-yas","status":"publish","type":"product","link":"https:\/\/kuklacocukyayinlari.com\/web\/?product=zbg-her-gune-1-aktivite-90-aktivite-5-6-yas","title":{"rendered":"ZBG HER G\u00dcNE 1 AKT\u0130V\u0130TE &#8211; 90 AKT\u0130V\u0130TE 5-6 YA\u015e"},"content":{"rendered":"<table width=\"432\">\n<tbody>\n<tr>\n<td width=\"432\">ZBG HER G\u00dcNE 1 AKT\u0130V\u0130TE &#8211; 90 AKT\u0130V\u0130TE 5-6 YA\u015e\u00a0 96 SAYFA<\/td>\n<\/tr>\n<\/tbody>\n<\/table>\n","protected":false},"excerpt":{"rendered":"<p>ZBG HER G\u00dcNE 1 AKT\u0130V\u0130TE &#8211; 90 AKT\u0130V\u0130TE 5-6 YA\u015e\u00a0 96 SAYFA<\/p>\n","protected":false},"featured_media":2012,"template":"","meta":[],"product_brand":[],"product_cat":[15,156],"product_tag":[],"class_list":{"0":"post-2024","1":"product","2":"type-product","3":"status-publish","4":"has-post-thumbnail","6":"product_cat-genel","7":"product_cat-etkinlikler","9":"first","10":"instock","11":"shipping-taxable","12":"purchasable","13":"product-type-simple"},"_links":{"self":[{"href":"https:\/\/kuklacocukyayinlari.com\/web\/index.php?rest_route=\/wp\/v2\/product\/2024","targetHints":{"allow":["GET"]}}],"collection":[{"href":"https:\/\/kuklacocukyayinlari.com\/web\/index.php?rest_route=\/wp\/v2\/product"}],"about":[{"href":"https:\/\/kuklacocukyayinlari.com\/web\/index.php?rest_route=\/wp\/v2\/types\/product"}],"wp:featuredmedia":[{"embeddable":true,"href":"https:\/\/kuklacocukyayinlari.com\/web\/index.php?rest_route=\/wp\/v2\/media\/2012"}],"wp:attachment":[{"href":"https:\/\/kuklacocukyayinlari.com\/web\/index.php?rest_route=%2Fwp%2Fv2%2Fmedia&parent=2024"}],"wp:term":[{"taxonomy":"product_brand","embeddable":true,"href":"https:\/\/kuklacocukyayinlari.com\/web\/index.php?rest_route=%2Fwp%2Fv2%2Fproduct_brand&post=2024"},{"taxonomy":"product_cat","embeddable":true,"href":"https:\/\/kuklacocukyayinlari.com\/web\/index.php?rest_route=%2Fwp%2Fv2%2Fproduct_cat&post=2024"},{"taxonomy":"product_tag","embeddable":true,"href":"https:\/\/kuklacocukyayinlari.com\/web\/index.php?rest_route=%2Fwp%2Fv2%2Fproduct_tag&post=2024"}],"curies":[{"name":"wp","href":"https:\/\/api.w.org\/{rel}","templated":true}]}}