{"id":1988,"date":"2024-01-22T15:13:38","date_gmt":"2024-01-22T15:13:38","guid":{"rendered":"https:\/\/kuklacocukyayinlari.com\/web\/?post_type=product&#038;p=1988"},"modified":"2026-03-26T12:59:38","modified_gmt":"2026-03-26T12:59:38","slug":"zbg-matematik-kitabim-3-4-yas","status":"publish","type":"product","link":"https:\/\/kuklacocukyayinlari.com\/web\/?product=zbg-matematik-kitabim-3-4-yas","title":{"rendered":"ZBG MATEMAT\u0130K K\u0130TABIM 3-4 YA\u015e"},"content":{"rendered":"<p>ZBG MATEMAT\u0130K K\u0130TABIM 3-4 YA\u015e\u00a0 64 SAYFA<\/p>\n","protected":false},"excerpt":{"rendered":"<p>ZBG MATEMAT\u0130K K\u0130TABIM 3-4 YA\u015e\u00a0 64 SAYFA<\/p>\n","protected":false},"featured_media":1989,"template":"","meta":[],"product_brand":[],"product_cat":[15,156],"product_tag":[],"class_list":{"0":"post-1988","1":"product","2":"type-product","3":"status-publish","4":"has-post-thumbnail","6":"product_cat-genel","7":"product_cat-etkinlikler","9":"first","10":"instock","11":"shipping-taxable","12":"purchasable","13":"product-type-simple"},"_links":{"self":[{"href":"https:\/\/kuklacocukyayinlari.com\/web\/index.php?rest_route=\/wp\/v2\/product\/1988","targetHints":{"allow":["GET"]}}],"collection":[{"href":"https:\/\/kuklacocukyayinlari.com\/web\/index.php?rest_route=\/wp\/v2\/product"}],"about":[{"href":"https:\/\/kuklacocukyayinlari.com\/web\/index.php?rest_route=\/wp\/v2\/types\/product"}],"wp:featuredmedia":[{"embeddable":true,"href":"https:\/\/kuklacocukyayinlari.com\/web\/index.php?rest_route=\/wp\/v2\/media\/1989"}],"wp:attachment":[{"href":"https:\/\/kuklacocukyayinlari.com\/web\/index.php?rest_route=%2Fwp%2Fv2%2Fmedia&parent=1988"}],"wp:term":[{"taxonomy":"product_brand","embeddable":true,"href":"https:\/\/kuklacocukyayinlari.com\/web\/index.php?rest_route=%2Fwp%2Fv2%2Fproduct_brand&post=1988"},{"taxonomy":"product_cat","embeddable":true,"href":"https:\/\/kuklacocukyayinlari.com\/web\/index.php?rest_route=%2Fwp%2Fv2%2Fproduct_cat&post=1988"},{"taxonomy":"product_tag","embeddable":true,"href":"https:\/\/kuklacocukyayinlari.com\/web\/index.php?rest_route=%2Fwp%2Fv2%2Fproduct_tag&post=1988"}],"curies":[{"name":"wp","href":"https:\/\/api.w.org\/{rel}","templated":true}]}}