{"id":1987,"date":"2024-01-22T14:59:16","date_gmt":"2024-01-22T14:59:16","guid":{"rendered":"https:\/\/kuklacocukyayinlari.com\/web\/?post_type=product&#038;p=1987"},"modified":"2025-07-23T12:19:29","modified_gmt":"2025-07-23T12:19:29","slug":"zbg-kavram-kitabim-3-4-yas-kopya","status":"publish","type":"product","link":"https:\/\/kuklacocukyayinlari.com\/web\/?product=zbg-kavram-kitabim-3-4-yas-kopya","title":{"rendered":"ZBG KAVRAM K\u0130TABIM 3-4 YA\u015e"},"content":{"rendered":"<p>ZBG KAVRAM K\u0130TABIM 3-4 YA\u015e\u00a0 64 SAYFA<\/p>\n","protected":false},"excerpt":{"rendered":"<p>ZBG KAVRAM K\u0130TABIM 3-4 YA\u015e\u00a0 64 SAYFA<\/p>\n","protected":false},"featured_media":1982,"template":"","meta":[],"product_brand":[],"product_cat":[15,156],"product_tag":[],"class_list":{"0":"post-1987","1":"product","2":"type-product","3":"status-publish","4":"has-post-thumbnail","6":"product_cat-genel","7":"product_cat-etkinlikler","9":"first","10":"instock","11":"shipping-taxable","12":"purchasable","13":"product-type-simple"},"_links":{"self":[{"href":"https:\/\/kuklacocukyayinlari.com\/web\/index.php?rest_route=\/wp\/v2\/product\/1987","targetHints":{"allow":["GET"]}}],"collection":[{"href":"https:\/\/kuklacocukyayinlari.com\/web\/index.php?rest_route=\/wp\/v2\/product"}],"about":[{"href":"https:\/\/kuklacocukyayinlari.com\/web\/index.php?rest_route=\/wp\/v2\/types\/product"}],"wp:featuredmedia":[{"embeddable":true,"href":"https:\/\/kuklacocukyayinlari.com\/web\/index.php?rest_route=\/wp\/v2\/media\/1982"}],"wp:attachment":[{"href":"https:\/\/kuklacocukyayinlari.com\/web\/index.php?rest_route=%2Fwp%2Fv2%2Fmedia&parent=1987"}],"wp:term":[{"taxonomy":"product_brand","embeddable":true,"href":"https:\/\/kuklacocukyayinlari.com\/web\/index.php?rest_route=%2Fwp%2Fv2%2Fproduct_brand&post=1987"},{"taxonomy":"product_cat","embeddable":true,"href":"https:\/\/kuklacocukyayinlari.com\/web\/index.php?rest_route=%2Fwp%2Fv2%2Fproduct_cat&post=1987"},{"taxonomy":"product_tag","embeddable":true,"href":"https:\/\/kuklacocukyayinlari.com\/web\/index.php?rest_route=%2Fwp%2Fv2%2Fproduct_tag&post=1987"}],"curies":[{"name":"wp","href":"https:\/\/api.w.org\/{rel}","templated":true}]}}