{"id":1955,"date":"2022-04-22T12:48:41","date_gmt":"2022-04-22T12:48:41","guid":{"rendered":"https:\/\/kuklacocukyayinlari.com\/web\/?post_type=product&#038;p=1955"},"modified":"2026-03-26T12:59:38","modified_gmt":"2026-03-26T12:59:38","slug":"evdeki-okulum-kavramlar-kitabim","status":"publish","type":"product","link":"https:\/\/kuklacocukyayinlari.com\/web\/?product=evdeki-okulum-kavramlar-kitabim","title":{"rendered":"Evdeki Okulum Kavramlar Kitab\u0131m"},"content":{"rendered":"<p>De\u011ferli ebeveynler, \u00f6\u011fretmenler<br \/>\nve sevgili \u00e7ocuklar,<br \/>\nOkul \u00f6ncesi \u00e7ocuklar\u0131n zihinsel<br \/>\nve fiziksel geli\u015fim s\u00fcre\u00e7lerini<br \/>\ng\u00f6z \u00f6n\u00fcne alarak psikomotor<br \/>\nbecerilerini geli\u015ftirme s\u00fcrecinde<br \/>\nilerletmesi gereken dil geli\u015fimini,<br \/>\nkelime bilgisini art\u0131rmay\u0131, kendini<br \/>\nifade g\u00fcc\u00fcn\u00fc geli\u015ftirmeyi,<br \/>\nkavramlar\u0131n \u00f6\u011fretimini ve el<br \/>\ng\u00f6z koordinasyonunu sa\u011flama<br \/>\nbecerilerini desteklemeyi<br \/>\nsa\u011flamak amac\u0131yla yeni<br \/>\nm\u00fcfredata uygun olarak<br \/>\nhaz\u0131rlad\u0131\u011f\u0131m\u0131z kavram<br \/>\nkitab\u0131m\u0131zda kolaydan zora<br \/>\ndo\u011fru s\u0131ralanm\u0131\u015f bir\u00e7ok<br \/>\nal\u0131\u015ft\u0131rma g\u00f6receksiniz. Pek<br \/>\n\u00e7ok noktaya dikkat ederek<br \/>\nd\u00fczenledi\u011fimiz \u00e7al\u0131\u015fmam\u0131za<br \/>\ne\u015f ve z\u0131t kavramlarla boyut,<br \/>\nmiktar, yer-y\u00f6n, hacim, nicelik,<br \/>\nnitelik al\u0131\u015ft\u0131rmalar\u0131n\u0131n yan\u0131 s\u0131ra<br \/>\n\u00e7ocu\u011fun muhakeme becerisini<br \/>\ngeli\u015ftirmesini sa\u011flayacak<br \/>\nboyama, benzerlik-farkl\u0131l\u0131k<br \/>\nbulma, e\u015fle\u015ftirme gibi ba\u015fka<br \/>\nbir\u00e7ok al\u0131\u015ft\u0131rma daha ekledik.<\/p>\n","protected":false},"excerpt":{"rendered":"<p>De\u011ferli ebeveynler, \u00f6\u011fretmenler ve sevgili \u00e7ocuklar, Okul \u00f6ncesi \u00e7ocuklar\u0131n zihinsel ve fiziksel geli\u015fim s\u00fcre\u00e7lerini g\u00f6z \u00f6n\u00fcne alarak psikomotor becerilerini geli\u015ftirme s\u00fcrecinde ilerletmesi gereken dil geli\u015fimini, kelime bilgisini art\u0131rmay\u0131, kendini ifade g\u00fcc\u00fcn\u00fc geli\u015ftirmeyi, kavramlar\u0131n \u00f6\u011fretimini ve el g\u00f6z koordinasyonunu sa\u011flama becerilerini desteklemeyi sa\u011flamak amac\u0131yla yeni m\u00fcfredata uygun olarak haz\u0131rlad\u0131\u011f\u0131m\u0131z kavram kitab\u0131m\u0131zda kolaydan zora do\u011fru s\u0131ralanm\u0131\u015f bir\u00e7ok [&hellip;]<\/p>\n","protected":false},"featured_media":1952,"template":"","meta":[],"product_brand":[],"product_cat":[144,147],"product_tag":[],"class_list":{"0":"post-1955","1":"product","2":"type-product","3":"status-publish","4":"has-post-thumbnail","6":"product_cat-4-yas","7":"product_cat-okula-yardimci","9":"first","10":"instock","11":"shipping-taxable","12":"purchasable","13":"product-type-simple"},"_links":{"self":[{"href":"https:\/\/kuklacocukyayinlari.com\/web\/index.php?rest_route=\/wp\/v2\/product\/1955","targetHints":{"allow":["GET"]}}],"collection":[{"href":"https:\/\/kuklacocukyayinlari.com\/web\/index.php?rest_route=\/wp\/v2\/product"}],"about":[{"href":"https:\/\/kuklacocukyayinlari.com\/web\/index.php?rest_route=\/wp\/v2\/types\/product"}],"wp:featuredmedia":[{"embeddable":true,"href":"https:\/\/kuklacocukyayinlari.com\/web\/index.php?rest_route=\/wp\/v2\/media\/1952"}],"wp:attachment":[{"href":"https:\/\/kuklacocukyayinlari.com\/web\/index.php?rest_route=%2Fwp%2Fv2%2Fmedia&parent=1955"}],"wp:term":[{"taxonomy":"product_brand","embeddable":true,"href":"https:\/\/kuklacocukyayinlari.com\/web\/index.php?rest_route=%2Fwp%2Fv2%2Fproduct_brand&post=1955"},{"taxonomy":"product_cat","embeddable":true,"href":"https:\/\/kuklacocukyayinlari.com\/web\/index.php?rest_route=%2Fwp%2Fv2%2Fproduct_cat&post=1955"},{"taxonomy":"product_tag","embeddable":true,"href":"https:\/\/kuklacocukyayinlari.com\/web\/index.php?rest_route=%2Fwp%2Fv2%2Fproduct_tag&post=1955"}],"curies":[{"name":"wp","href":"https:\/\/api.w.org\/{rel}","templated":true}]}}