{"id":1948,"date":"2022-04-22T12:42:32","date_gmt":"2022-04-22T12:42:32","guid":{"rendered":"https:\/\/kuklacocukyayinlari.com\/web\/?post_type=product&#038;p=1948"},"modified":"2026-03-26T12:59:38","modified_gmt":"2026-03-26T12:59:38","slug":"evdeki-okulum-cizgiler-kitabim","status":"publish","type":"product","link":"https:\/\/kuklacocukyayinlari.com\/web\/?product=evdeki-okulum-cizgiler-kitabim","title":{"rendered":"Evdeki Okulum \u00c7izgiler Kitab\u0131m"},"content":{"rendered":"<p>De\u011ferli ebeveynler, \u00f6\u011fretmenler<br \/>\nve sevgili \u00e7ocuklar,<br \/>\nOkul \u00f6ncesi \u00e7ocuklar\u0131n zihinsel<br \/>\nve fiziksel geli\u015fim s\u00fcre\u00e7lerini<br \/>\ng\u00f6z \u00f6n\u00fcne alarak kalem<br \/>\ntutmay\u0131 \u00f6\u011frenme, el ve g\u00f6z<br \/>\nkoordinasyonunu sa\u011flama,<br \/>\npsikomotor becerilerini<br \/>\ngeli\u015ftirme amac\u0131yla yeni<br \/>\nm\u00fcfredata uygun olarak<br \/>\nhaz\u0131rlad\u0131\u011f\u0131m\u0131z \u00e7izgi kitab\u0131m\u0131zda<br \/>\nkolaydan zora do\u011fru s\u0131ralanm\u0131\u015f<br \/>\nbir\u00e7ok al\u0131\u015ft\u0131rma g\u00f6receksiniz.<br \/>\nPek \u00e7ok noktaya dikkat ederek<br \/>\nd\u00fczenledi\u011fimiz \u00e7al\u0131\u015fmam\u0131za<br \/>\ndik, e\u011fik, dairesel, yatay<br \/>\n\u00e7izgi al\u0131\u015ft\u0131rmalar\u0131n\u0131n yan\u0131<br \/>\ns\u0131ra boyama, labirent, resim<br \/>\ntamamlama gibi ba\u015fka bir\u00e7ok<br \/>\nal\u0131\u015ft\u0131rma daha ekledik.<br \/>\n\u00c7ocuklar\u0131m\u0131z\u0131 e\u011flendirmek ve<br \/>\ne\u011flendirirken gereken bilgileri<br \/>\nkazanmalar\u0131n\u0131 sa\u011flamak<br \/>\ngayretiyle ortaya \u00e7\u0131kard\u0131\u011f\u0131m\u0131z<br \/>\n\u00e7izgi kitab\u0131n\u0131 son derece<br \/>\nsevecek, i\u00e7indeki etkinliklerden<br \/>\n\u00e7ok faydalanacaks\u0131n\u0131z.<\/p>\n","protected":false},"excerpt":{"rendered":"<p>De\u011ferli ebeveynler, \u00f6\u011fretmenler ve sevgili \u00e7ocuklar, Okul \u00f6ncesi \u00e7ocuklar\u0131n zihinsel ve fiziksel geli\u015fim s\u00fcre\u00e7lerini g\u00f6z \u00f6n\u00fcne alarak kalem tutmay\u0131 \u00f6\u011frenme, el ve g\u00f6z koordinasyonunu sa\u011flama, psikomotor becerilerini geli\u015ftirme amac\u0131yla yeni m\u00fcfredata uygun olarak haz\u0131rlad\u0131\u011f\u0131m\u0131z \u00e7izgi kitab\u0131m\u0131zda kolaydan zora do\u011fru s\u0131ralanm\u0131\u015f bir\u00e7ok al\u0131\u015ft\u0131rma g\u00f6receksiniz. Pek \u00e7ok noktaya dikkat ederek d\u00fczenledi\u011fimiz \u00e7al\u0131\u015fmam\u0131za dik, e\u011fik, dairesel, yatay \u00e7izgi [&hellip;]<\/p>\n","protected":false},"featured_media":1949,"template":"","meta":[],"product_brand":[],"product_cat":[144,147],"product_tag":[],"class_list":{"0":"post-1948","1":"product","2":"type-product","3":"status-publish","4":"has-post-thumbnail","6":"product_cat-4-yas","7":"product_cat-okula-yardimci","9":"first","10":"instock","11":"shipping-taxable","12":"purchasable","13":"product-type-simple"},"_links":{"self":[{"href":"https:\/\/kuklacocukyayinlari.com\/web\/index.php?rest_route=\/wp\/v2\/product\/1948","targetHints":{"allow":["GET"]}}],"collection":[{"href":"https:\/\/kuklacocukyayinlari.com\/web\/index.php?rest_route=\/wp\/v2\/product"}],"about":[{"href":"https:\/\/kuklacocukyayinlari.com\/web\/index.php?rest_route=\/wp\/v2\/types\/product"}],"wp:featuredmedia":[{"embeddable":true,"href":"https:\/\/kuklacocukyayinlari.com\/web\/index.php?rest_route=\/wp\/v2\/media\/1949"}],"wp:attachment":[{"href":"https:\/\/kuklacocukyayinlari.com\/web\/index.php?rest_route=%2Fwp%2Fv2%2Fmedia&parent=1948"}],"wp:term":[{"taxonomy":"product_brand","embeddable":true,"href":"https:\/\/kuklacocukyayinlari.com\/web\/index.php?rest_route=%2Fwp%2Fv2%2Fproduct_brand&post=1948"},{"taxonomy":"product_cat","embeddable":true,"href":"https:\/\/kuklacocukyayinlari.com\/web\/index.php?rest_route=%2Fwp%2Fv2%2Fproduct_cat&post=1948"},{"taxonomy":"product_tag","embeddable":true,"href":"https:\/\/kuklacocukyayinlari.com\/web\/index.php?rest_route=%2Fwp%2Fv2%2Fproduct_tag&post=1948"}],"curies":[{"name":"wp","href":"https:\/\/api.w.org\/{rel}","templated":true}]}}