{"id":1930,"date":"2021-12-21T00:51:46","date_gmt":"2021-12-21T00:51:46","guid":{"rendered":"https:\/\/kuklacocukyayinlari.com\/web\/?post_type=product&#038;p=1930"},"modified":"2026-03-26T12:59:38","modified_gmt":"2026-03-26T12:59:38","slug":"bilmeceler","status":"publish","type":"product","link":"https:\/\/kuklacocukyayinlari.com\/web\/?product=bilmeceler","title":{"rendered":"Bilmeceler"},"content":{"rendered":"<p>Ih\u0131m \u0131h\u0131m, evet, nerede kalm\u0131\u015ft\u0131k? Bu kitapta bayram sabah\u0131 giyilmeyi bekleyen ayakkab\u0131lar gibi yepyeni, f\u0131r\u0131ndan taze \u00e7\u0131km\u0131\u015f ekmekler gibi s\u0131cac\u0131k bilmeceler var. Buyurun taze taze yiyiniz. Yok, \u015fey, pardon, okuyunuz diyecektim.<\/p>\n","protected":false},"excerpt":{"rendered":"<p>Ih\u0131m \u0131h\u0131m, evet, nerede kalm\u0131\u015ft\u0131k? Bu kitapta bayram sabah\u0131 giyilmeyi bekleyen ayakkab\u0131lar gibi yepyeni, f\u0131r\u0131ndan taze \u00e7\u0131km\u0131\u015f ekmekler gibi s\u0131cac\u0131k bilmeceler var. Buyurun taze taze yiyiniz. Yok, \u015fey, pardon, okuyunuz diyecektim.<\/p>\n","protected":false},"featured_media":1931,"template":"","meta":[],"product_brand":[],"product_cat":[147],"product_tag":[],"class_list":{"0":"post-1930","1":"product","2":"type-product","3":"status-publish","4":"has-post-thumbnail","6":"product_cat-okula-yardimci","8":"first","9":"instock","10":"shipping-taxable","11":"purchasable","12":"product-type-simple"},"_links":{"self":[{"href":"https:\/\/kuklacocukyayinlari.com\/web\/index.php?rest_route=\/wp\/v2\/product\/1930","targetHints":{"allow":["GET"]}}],"collection":[{"href":"https:\/\/kuklacocukyayinlari.com\/web\/index.php?rest_route=\/wp\/v2\/product"}],"about":[{"href":"https:\/\/kuklacocukyayinlari.com\/web\/index.php?rest_route=\/wp\/v2\/types\/product"}],"wp:featuredmedia":[{"embeddable":true,"href":"https:\/\/kuklacocukyayinlari.com\/web\/index.php?rest_route=\/wp\/v2\/media\/1931"}],"wp:attachment":[{"href":"https:\/\/kuklacocukyayinlari.com\/web\/index.php?rest_route=%2Fwp%2Fv2%2Fmedia&parent=1930"}],"wp:term":[{"taxonomy":"product_brand","embeddable":true,"href":"https:\/\/kuklacocukyayinlari.com\/web\/index.php?rest_route=%2Fwp%2Fv2%2Fproduct_brand&post=1930"},{"taxonomy":"product_cat","embeddable":true,"href":"https:\/\/kuklacocukyayinlari.com\/web\/index.php?rest_route=%2Fwp%2Fv2%2Fproduct_cat&post=1930"},{"taxonomy":"product_tag","embeddable":true,"href":"https:\/\/kuklacocukyayinlari.com\/web\/index.php?rest_route=%2Fwp%2Fv2%2Fproduct_tag&post=1930"}],"curies":[{"name":"wp","href":"https:\/\/api.w.org\/{rel}","templated":true}]}}