{"id":1916,"date":"2021-12-21T00:36:27","date_gmt":"2021-12-21T00:36:27","guid":{"rendered":"https:\/\/kuklacocukyayinlari.com\/web\/?post_type=product&#038;p=1916"},"modified":"2025-06-12T15:56:49","modified_gmt":"2025-06-12T15:56:49","slug":"oyku-ormani","status":"publish","type":"product","link":"https:\/\/kuklacocukyayinlari.com\/web\/?product=oyku-ormani","title":{"rendered":"\u00d6yk\u00fc Orman\u0131 3.S\u0131n\u0131f 10 Kitap"},"content":{"rendered":"<p>\u00c7ocuklar on kitaptan olu\u015fan reng\u00e2renk \u00d6yk\u00fc Orman\u0131 serisiyle e\u011flenirken \u00f6\u011frenecek, soru kitap\u00e7\u0131\u011f\u0131yla da \u00f6\u011frendiklerini peki\u015ftirecek. O h\u00e2lde iyi okumalar, \u00e7ocuklar!<\/p>\n","protected":false},"excerpt":{"rendered":"<p>\u00c7ocuklar on kitaptan olu\u015fan reng\u00e2renk \u00d6yk\u00fc Orman\u0131 serisiyle e\u011flenirken \u00f6\u011frenecek, soru kitap\u00e7\u0131\u011f\u0131yla da \u00f6\u011frendiklerini peki\u015ftirecek. O h\u00e2lde iyi okumalar, \u00e7ocuklar!<\/p>\n","protected":false},"featured_media":1917,"template":"","meta":[],"product_brand":[],"product_cat":[15,140],"product_tag":[],"class_list":{"0":"post-1916","1":"product","2":"type-product","3":"status-publish","4":"has-post-thumbnail","6":"product_cat-genel","7":"product_cat-hikayeler","9":"first","10":"instock","11":"shipping-taxable","12":"purchasable","13":"product-type-simple"},"_links":{"self":[{"href":"https:\/\/kuklacocukyayinlari.com\/web\/index.php?rest_route=\/wp\/v2\/product\/1916","targetHints":{"allow":["GET"]}}],"collection":[{"href":"https:\/\/kuklacocukyayinlari.com\/web\/index.php?rest_route=\/wp\/v2\/product"}],"about":[{"href":"https:\/\/kuklacocukyayinlari.com\/web\/index.php?rest_route=\/wp\/v2\/types\/product"}],"wp:featuredmedia":[{"embeddable":true,"href":"https:\/\/kuklacocukyayinlari.com\/web\/index.php?rest_route=\/wp\/v2\/media\/1917"}],"wp:attachment":[{"href":"https:\/\/kuklacocukyayinlari.com\/web\/index.php?rest_route=%2Fwp%2Fv2%2Fmedia&parent=1916"}],"wp:term":[{"taxonomy":"product_brand","embeddable":true,"href":"https:\/\/kuklacocukyayinlari.com\/web\/index.php?rest_route=%2Fwp%2Fv2%2Fproduct_brand&post=1916"},{"taxonomy":"product_cat","embeddable":true,"href":"https:\/\/kuklacocukyayinlari.com\/web\/index.php?rest_route=%2Fwp%2Fv2%2Fproduct_cat&post=1916"},{"taxonomy":"product_tag","embeddable":true,"href":"https:\/\/kuklacocukyayinlari.com\/web\/index.php?rest_route=%2Fwp%2Fv2%2Fproduct_tag&post=1916"}],"curies":[{"name":"wp","href":"https:\/\/api.w.org\/{rel}","templated":true}]}}