{"id":1910,"date":"2021-12-21T00:31:59","date_gmt":"2021-12-21T00:31:59","guid":{"rendered":"https:\/\/kuklacocukyayinlari.com\/web\/?post_type=product&#038;p=1910"},"modified":"2026-03-26T12:59:38","modified_gmt":"2026-03-26T12:59:38","slug":"minik-parmaklar","status":"publish","type":"product","link":"https:\/\/kuklacocukyayinlari.com\/web\/?product=minik-parmaklar","title":{"rendered":"Minik Parmaklar 1.S\u0131n\u0131f 10 Kitap (D\u00fcz Yaz\u0131l\u0131)"},"content":{"rendered":"<p>Okumaya att\u0131\u011f\u0131n minik ad\u0131mlar\u0131 bu kitaplarla peki\u015ftirecek; hem okuman\u0131 h\u0131zland\u0131racak hem de birbirinden g\u00fczel hik\u00e2yelerimizle e\u011fleneceksin.<\/p>\n","protected":false},"excerpt":{"rendered":"<p>Okumaya att\u0131\u011f\u0131n minik ad\u0131mlar\u0131 bu kitaplarla peki\u015ftirecek; hem okuman\u0131 h\u0131zland\u0131racak hem de birbirinden g\u00fczel hik\u00e2yelerimizle e\u011fleneceksin.<\/p>\n","protected":false},"featured_media":1913,"template":"","meta":[],"product_brand":[],"product_cat":[15,140],"product_tag":[],"class_list":{"0":"post-1910","1":"product","2":"type-product","3":"status-publish","4":"has-post-thumbnail","6":"product_cat-genel","7":"product_cat-hikayeler","9":"first","10":"instock","11":"shipping-taxable","12":"purchasable","13":"product-type-simple"},"_links":{"self":[{"href":"https:\/\/kuklacocukyayinlari.com\/web\/index.php?rest_route=\/wp\/v2\/product\/1910","targetHints":{"allow":["GET"]}}],"collection":[{"href":"https:\/\/kuklacocukyayinlari.com\/web\/index.php?rest_route=\/wp\/v2\/product"}],"about":[{"href":"https:\/\/kuklacocukyayinlari.com\/web\/index.php?rest_route=\/wp\/v2\/types\/product"}],"wp:featuredmedia":[{"embeddable":true,"href":"https:\/\/kuklacocukyayinlari.com\/web\/index.php?rest_route=\/wp\/v2\/media\/1913"}],"wp:attachment":[{"href":"https:\/\/kuklacocukyayinlari.com\/web\/index.php?rest_route=%2Fwp%2Fv2%2Fmedia&parent=1910"}],"wp:term":[{"taxonomy":"product_brand","embeddable":true,"href":"https:\/\/kuklacocukyayinlari.com\/web\/index.php?rest_route=%2Fwp%2Fv2%2Fproduct_brand&post=1910"},{"taxonomy":"product_cat","embeddable":true,"href":"https:\/\/kuklacocukyayinlari.com\/web\/index.php?rest_route=%2Fwp%2Fv2%2Fproduct_cat&post=1910"},{"taxonomy":"product_tag","embeddable":true,"href":"https:\/\/kuklacocukyayinlari.com\/web\/index.php?rest_route=%2Fwp%2Fv2%2Fproduct_tag&post=1910"}],"curies":[{"name":"wp","href":"https:\/\/api.w.org\/{rel}","templated":true}]}}