{"id":1899,"date":"2021-12-21T00:20:27","date_gmt":"2021-12-21T00:20:27","guid":{"rendered":"https:\/\/kuklacocukyayinlari.com\/web\/?post_type=product&#038;p=1899"},"modified":"2024-07-03T15:24:21","modified_gmt":"2024-07-03T15:24:21","slug":"sayilarin-dunyasi-2","status":"publish","type":"product","link":"https:\/\/kuklacocukyayinlari.com\/web\/?product=sayilarin-dunyasi-2","title":{"rendered":"Yarat\u0131c\u0131 \u00c7ocuklar Say\u0131lar\u0131n D\u00fcnyas\u0131 6+ Ya\u015f"},"content":{"rendered":"<p>\u201cSay\u0131lar\u0131n D\u00fcnyas\u0131\u201d okul \u00f6ncesi \u00e7ocuklara temel matematik kavramlar\u0131n\u0131 sevdirmek amac\u0131yla haz\u0131rlanm\u0131\u015ft\u0131r. Kitap i\u00e7erisinde yer alan e\u011flenceli etkinlikler ve bulmacalar sayesinde \u00e7ocuklar temel matematik kavramlar\u0131n\u0131 kolayca \u00f6\u011frenecekler<\/p>\n","protected":false},"excerpt":{"rendered":"<p>\u201cSay\u0131lar\u0131n D\u00fcnyas\u0131\u201d okul \u00f6ncesi \u00e7ocuklara temel matematik kavramlar\u0131n\u0131 sevdirmek amac\u0131yla haz\u0131rlanm\u0131\u015ft\u0131r. Kitap i\u00e7erisinde yer alan e\u011flenceli etkinlikler ve bulmacalar sayesinde \u00e7ocuklar temel matematik kavramlar\u0131n\u0131 kolayca \u00f6\u011frenecekler<\/p>\n","protected":false},"featured_media":1901,"template":"","meta":[],"product_brand":[],"product_cat":[146],"product_tag":[],"class_list":{"0":"post-1899","1":"product","2":"type-product","3":"status-publish","4":"has-post-thumbnail","6":"product_cat-6-yas","8":"first","9":"instock","10":"shipping-taxable","11":"purchasable","12":"product-type-simple"},"_links":{"self":[{"href":"https:\/\/kuklacocukyayinlari.com\/web\/index.php?rest_route=\/wp\/v2\/product\/1899","targetHints":{"allow":["GET"]}}],"collection":[{"href":"https:\/\/kuklacocukyayinlari.com\/web\/index.php?rest_route=\/wp\/v2\/product"}],"about":[{"href":"https:\/\/kuklacocukyayinlari.com\/web\/index.php?rest_route=\/wp\/v2\/types\/product"}],"wp:featuredmedia":[{"embeddable":true,"href":"https:\/\/kuklacocukyayinlari.com\/web\/index.php?rest_route=\/wp\/v2\/media\/1901"}],"wp:attachment":[{"href":"https:\/\/kuklacocukyayinlari.com\/web\/index.php?rest_route=%2Fwp%2Fv2%2Fmedia&parent=1899"}],"wp:term":[{"taxonomy":"product_brand","embeddable":true,"href":"https:\/\/kuklacocukyayinlari.com\/web\/index.php?rest_route=%2Fwp%2Fv2%2Fproduct_brand&post=1899"},{"taxonomy":"product_cat","embeddable":true,"href":"https:\/\/kuklacocukyayinlari.com\/web\/index.php?rest_route=%2Fwp%2Fv2%2Fproduct_cat&post=1899"},{"taxonomy":"product_tag","embeddable":true,"href":"https:\/\/kuklacocukyayinlari.com\/web\/index.php?rest_route=%2Fwp%2Fv2%2Fproduct_tag&post=1899"}],"curies":[{"name":"wp","href":"https:\/\/api.w.org\/{rel}","templated":true}]}}