{"id":1894,"date":"2021-12-21T00:15:28","date_gmt":"2021-12-21T00:15:28","guid":{"rendered":"https:\/\/kuklacocukyayinlari.com\/web\/?post_type=product&#038;p=1894"},"modified":"2024-07-03T15:25:12","modified_gmt":"2024-07-03T15:25:12","slug":"boyuyorum-buyuyorum-2","status":"publish","type":"product","link":"https:\/\/kuklacocukyayinlari.com\/web\/?product=boyuyorum-buyuyorum-2","title":{"rendered":"Ak\u0131ll\u0131 \u00c7ocuklar Boyuyorum B\u00fcy\u00fcyorum 5+ Ya\u015f"},"content":{"rendered":"<p>\u201cBoyuyorum B\u00fcy\u00fcyorum\u201d kitab\u0131n\u0131 5 ya\u015f \u00e7ocuklar\u0131n\u0131n zihinsel ve bedensel geli\u015fimlerini dikkate alarak haz\u0131rlad\u0131k. \u00c7ocuklar doya doya boyas\u0131nlar, bol bol e\u011flensinler diye kitapta yer alan kavramlar\u0131 \u00e7ocuklar\u0131n ya\u015f seviyesine uygun olarak farkl\u0131 b\u00fcy\u00fckl\u00fckteki ve farkl\u0131 detaydaki g\u00f6rsellerden se\u00e7tik. Her sayfada yer alan farkl\u0131 boyama etkinlikleriyle \u00e7ocuklar el becerilerini geli\u015ftirecek, renklerin d\u00fcnyas\u0131na ad\u0131m atacaklar.<\/p>\n","protected":false},"excerpt":{"rendered":"<p>\u201cBoyuyorum B\u00fcy\u00fcyorum\u201d kitab\u0131n\u0131 5 ya\u015f \u00e7ocuklar\u0131n\u0131n zihinsel ve bedensel geli\u015fimlerini dikkate alarak haz\u0131rlad\u0131k. \u00c7ocuklar doya doya boyas\u0131nlar, bol bol e\u011flensinler diye kitapta yer alan kavramlar\u0131 \u00e7ocuklar\u0131n ya\u015f seviyesine uygun olarak farkl\u0131 b\u00fcy\u00fckl\u00fckteki ve farkl\u0131 detaydaki g\u00f6rsellerden se\u00e7tik. Her sayfada yer alan farkl\u0131 boyama etkinlikleriyle \u00e7ocuklar el becerilerini geli\u015ftirecek, renklerin d\u00fcnyas\u0131na ad\u0131m atacaklar.<\/p>\n","protected":false},"featured_media":1896,"template":"","meta":[],"product_brand":[],"product_cat":[145],"product_tag":[],"class_list":{"0":"post-1894","1":"product","2":"type-product","3":"status-publish","4":"has-post-thumbnail","6":"product_cat-5-yas","8":"first","9":"instock","10":"shipping-taxable","11":"purchasable","12":"product-type-simple"},"_links":{"self":[{"href":"https:\/\/kuklacocukyayinlari.com\/web\/index.php?rest_route=\/wp\/v2\/product\/1894","targetHints":{"allow":["GET"]}}],"collection":[{"href":"https:\/\/kuklacocukyayinlari.com\/web\/index.php?rest_route=\/wp\/v2\/product"}],"about":[{"href":"https:\/\/kuklacocukyayinlari.com\/web\/index.php?rest_route=\/wp\/v2\/types\/product"}],"wp:featuredmedia":[{"embeddable":true,"href":"https:\/\/kuklacocukyayinlari.com\/web\/index.php?rest_route=\/wp\/v2\/media\/1896"}],"wp:attachment":[{"href":"https:\/\/kuklacocukyayinlari.com\/web\/index.php?rest_route=%2Fwp%2Fv2%2Fmedia&parent=1894"}],"wp:term":[{"taxonomy":"product_brand","embeddable":true,"href":"https:\/\/kuklacocukyayinlari.com\/web\/index.php?rest_route=%2Fwp%2Fv2%2Fproduct_brand&post=1894"},{"taxonomy":"product_cat","embeddable":true,"href":"https:\/\/kuklacocukyayinlari.com\/web\/index.php?rest_route=%2Fwp%2Fv2%2Fproduct_cat&post=1894"},{"taxonomy":"product_tag","embeddable":true,"href":"https:\/\/kuklacocukyayinlari.com\/web\/index.php?rest_route=%2Fwp%2Fv2%2Fproduct_tag&post=1894"}],"curies":[{"name":"wp","href":"https:\/\/api.w.org\/{rel}","templated":true}]}}