{"id":1892,"date":"2021-12-21T00:13:03","date_gmt":"2021-12-21T00:13:03","guid":{"rendered":"https:\/\/kuklacocukyayinlari.com\/web\/?post_type=product&#038;p=1892"},"modified":"2024-07-03T15:25:17","modified_gmt":"2024-07-03T15:25:17","slug":"dikkat-dikkat-2","status":"publish","type":"product","link":"https:\/\/kuklacocukyayinlari.com\/web\/?product=dikkat-dikkat-2","title":{"rendered":"Ak\u0131ll\u0131 \u00c7ocuklar  Dikkat Dikkat 5+ Ya\u015f"},"content":{"rendered":"<p>Okul \u00f6ncesi \u00e7ocuklar\u0131 genellikle odaklanma sorunu ya\u015farlar. Bu nedenle onlar\u0131n geli\u015fim s\u00fcrecinde dikkat etkinlikleri \u00f6nemli bir yer tutar. Elinizdeki bu kitab\u0131 haz\u0131rlarken \u00e7ocuklar\u0131n dikkat becerilerinin geli\u015fimine katk\u0131 sunmay\u0131 hedefledik. \u201cDikkat Dikkat\u201d kitab\u0131yla \u00e7ocuklar, benzerlik ve farkl\u0131l\u0131klar\u0131 ay\u0131rt edecek, par\u00e7a-b\u00fct\u00fcn ili\u015fkisi kuracak, \u00f6r\u00fcnt\u00fc kurmay\u0131 \u00f6\u011frenecek, varl\u0131klar\u0131 bi\u00e7imlerine ve i\u015flevlerine g\u00f6re s\u0131n\u0131fland\u0131racak, ince motor becerilerini, g\u00f6rsel haf\u0131za ve alg\u0131lar\u0131n\u0131 geli\u015ftirecek, g\u00f6rme yetilerini daha iyi kullanacaklar.<\/p>\n","protected":false},"excerpt":{"rendered":"<p>Okul \u00f6ncesi \u00e7ocuklar\u0131 genellikle odaklanma sorunu ya\u015farlar. Bu nedenle onlar\u0131n geli\u015fim s\u00fcrecinde dikkat etkinlikleri \u00f6nemli bir yer tutar. Elinizdeki bu kitab\u0131 haz\u0131rlarken \u00e7ocuklar\u0131n dikkat becerilerinin geli\u015fimine katk\u0131 sunmay\u0131 hedefledik. \u201cDikkat Dikkat\u201d kitab\u0131yla \u00e7ocuklar, benzerlik ve farkl\u0131l\u0131klar\u0131 ay\u0131rt edecek, par\u00e7a-b\u00fct\u00fcn ili\u015fkisi kuracak, \u00f6r\u00fcnt\u00fc kurmay\u0131 \u00f6\u011frenecek, varl\u0131klar\u0131 bi\u00e7imlerine ve i\u015flevlerine g\u00f6re s\u0131n\u0131fland\u0131racak, ince motor becerilerini, g\u00f6rsel haf\u0131za [&hellip;]<\/p>\n","protected":false},"featured_media":1893,"template":"","meta":[],"product_brand":[],"product_cat":[145],"product_tag":[],"class_list":{"0":"post-1892","1":"product","2":"type-product","3":"status-publish","4":"has-post-thumbnail","6":"product_cat-5-yas","8":"first","9":"instock","10":"shipping-taxable","11":"purchasable","12":"product-type-simple"},"_links":{"self":[{"href":"https:\/\/kuklacocukyayinlari.com\/web\/index.php?rest_route=\/wp\/v2\/product\/1892","targetHints":{"allow":["GET"]}}],"collection":[{"href":"https:\/\/kuklacocukyayinlari.com\/web\/index.php?rest_route=\/wp\/v2\/product"}],"about":[{"href":"https:\/\/kuklacocukyayinlari.com\/web\/index.php?rest_route=\/wp\/v2\/types\/product"}],"wp:featuredmedia":[{"embeddable":true,"href":"https:\/\/kuklacocukyayinlari.com\/web\/index.php?rest_route=\/wp\/v2\/media\/1893"}],"wp:attachment":[{"href":"https:\/\/kuklacocukyayinlari.com\/web\/index.php?rest_route=%2Fwp%2Fv2%2Fmedia&parent=1892"}],"wp:term":[{"taxonomy":"product_brand","embeddable":true,"href":"https:\/\/kuklacocukyayinlari.com\/web\/index.php?rest_route=%2Fwp%2Fv2%2Fproduct_brand&post=1892"},{"taxonomy":"product_cat","embeddable":true,"href":"https:\/\/kuklacocukyayinlari.com\/web\/index.php?rest_route=%2Fwp%2Fv2%2Fproduct_cat&post=1892"},{"taxonomy":"product_tag","embeddable":true,"href":"https:\/\/kuklacocukyayinlari.com\/web\/index.php?rest_route=%2Fwp%2Fv2%2Fproduct_tag&post=1892"}],"curies":[{"name":"wp","href":"https:\/\/api.w.org\/{rel}","templated":true}]}}