{"id":1890,"date":"2021-12-21T00:08:02","date_gmt":"2021-12-21T00:08:02","guid":{"rendered":"https:\/\/kuklacocukyayinlari.com\/web\/?post_type=product&#038;p=1890"},"modified":"2024-07-03T15:25:22","modified_gmt":"2024-07-03T15:25:22","slug":"sayilarin-dunyasi","status":"publish","type":"product","link":"https:\/\/kuklacocukyayinlari.com\/web\/?product=sayilarin-dunyasi","title":{"rendered":"Ak\u0131ll\u0131 \u00c7ocuklar Say\u0131lar\u0131n D\u00fcnyas\u0131 5+Ya\u015f"},"content":{"rendered":"<p>Say\u0131 \u00f6\u011fretiminde e\u011flenceli etkinlikler ve oyunlar \u00f6nemli bir yer tutar. \u00c7\u00fcnk\u00fc soyut kavramlar\u0131n somut \u00f6rneklerle anlat\u0131lmas\u0131, \u00f6\u011frenmeyi h\u0131zland\u0131ran bir y\u00f6ntemdir. \u201cSay\u0131lar\u0131n D\u00fcnyas\u0131\u201d kitab\u0131nda 5 ya\u015f \u00e7ocuklar\u0131n\u0131n 1\u2019den 10\u2019a kadar say\u0131lar\u0131 \u00f6\u011frenmelerine y\u00f6nelik e\u015fle\u015ftirme, grupland\u0131rma, ard\u0131\u015f\u0131k sayma gibi \u00e7e\u015fitli etkinlikler bulunuyor. Ayr\u0131ca \u00e7ocuklar\u0131n bili\u015fsel,<br \/>\nsosyal ve k\u00fc\u00e7\u00fck kas geli\u015fimlerine destek olacak boyama ve \u00e7izim gibi bir\u00e7ok de\u011fi\u015fik etkinlik de yer al\u0131yor.<\/p>\n","protected":false},"excerpt":{"rendered":"<p>Say\u0131 \u00f6\u011fretiminde e\u011flenceli etkinlikler ve oyunlar \u00f6nemli bir yer tutar. \u00c7\u00fcnk\u00fc soyut kavramlar\u0131n somut \u00f6rneklerle anlat\u0131lmas\u0131, \u00f6\u011frenmeyi h\u0131zland\u0131ran bir y\u00f6ntemdir. \u201cSay\u0131lar\u0131n D\u00fcnyas\u0131\u201d kitab\u0131nda 5 ya\u015f \u00e7ocuklar\u0131n\u0131n 1\u2019den 10\u2019a kadar say\u0131lar\u0131 \u00f6\u011frenmelerine y\u00f6nelik e\u015fle\u015ftirme, grupland\u0131rma, ard\u0131\u015f\u0131k sayma gibi \u00e7e\u015fitli etkinlikler bulunuyor. Ayr\u0131ca \u00e7ocuklar\u0131n bili\u015fsel, sosyal ve k\u00fc\u00e7\u00fck kas geli\u015fimlerine destek olacak boyama ve \u00e7izim gibi bir\u00e7ok [&hellip;]<\/p>\n","protected":false},"featured_media":1891,"template":"","meta":[],"product_brand":[],"product_cat":[145],"product_tag":[],"class_list":{"0":"post-1890","1":"product","2":"type-product","3":"status-publish","4":"has-post-thumbnail","6":"product_cat-5-yas","8":"first","9":"instock","10":"shipping-taxable","11":"purchasable","12":"product-type-simple"},"_links":{"self":[{"href":"https:\/\/kuklacocukyayinlari.com\/web\/index.php?rest_route=\/wp\/v2\/product\/1890","targetHints":{"allow":["GET"]}}],"collection":[{"href":"https:\/\/kuklacocukyayinlari.com\/web\/index.php?rest_route=\/wp\/v2\/product"}],"about":[{"href":"https:\/\/kuklacocukyayinlari.com\/web\/index.php?rest_route=\/wp\/v2\/types\/product"}],"wp:featuredmedia":[{"embeddable":true,"href":"https:\/\/kuklacocukyayinlari.com\/web\/index.php?rest_route=\/wp\/v2\/media\/1891"}],"wp:attachment":[{"href":"https:\/\/kuklacocukyayinlari.com\/web\/index.php?rest_route=%2Fwp%2Fv2%2Fmedia&parent=1890"}],"wp:term":[{"taxonomy":"product_brand","embeddable":true,"href":"https:\/\/kuklacocukyayinlari.com\/web\/index.php?rest_route=%2Fwp%2Fv2%2Fproduct_brand&post=1890"},{"taxonomy":"product_cat","embeddable":true,"href":"https:\/\/kuklacocukyayinlari.com\/web\/index.php?rest_route=%2Fwp%2Fv2%2Fproduct_cat&post=1890"},{"taxonomy":"product_tag","embeddable":true,"href":"https:\/\/kuklacocukyayinlari.com\/web\/index.php?rest_route=%2Fwp%2Fv2%2Fproduct_tag&post=1890"}],"curies":[{"name":"wp","href":"https:\/\/api.w.org\/{rel}","templated":true}]}}