{"id":1886,"date":"2021-12-20T23:59:16","date_gmt":"2021-12-20T23:59:16","guid":{"rendered":"https:\/\/kuklacocukyayinlari.com\/web\/?post_type=product&#038;p=1886"},"modified":"2024-07-03T15:25:38","modified_gmt":"2024-07-03T15:25:38","slug":"dikkat-dikkat","status":"publish","type":"product","link":"https:\/\/kuklacocukyayinlari.com\/web\/?product=dikkat-dikkat","title":{"rendered":"Becerikli \u00c7ocuklar Dikkat Dikkat 4+Ya\u015f"},"content":{"rendered":"<p>Dikkat ve zek\u00e2, \u00f6\u011frenme s\u00fcrecinin yap\u0131 ta\u015f\u0131d\u0131r. Bu s\u00fcrecin dikkat edilmesi ve verimli ge\u00e7mesi gereken evresi ise 48 aydan sonra ba\u015flar. \u201cDikkat Dikkat\u201d kitab\u0131 4 ya\u015f grubu \u00e7ocuklar\u0131n dikkat becerilerini geli\u015ftirmeyi ama\u00e7lar. Kitapta yer alan t\u00fcm etkinlikler, \u00e7ocuklar\u0131n dikkatini bir arada tutmaya, ayr\u0131nt\u0131lar\u0131 fark ettirebilmeye, el-g\u00f6z koordinasyonunu geli\u015ftirmeye, farkl\u0131l\u0131klar\u0131 ke\u015ffettirmeye y\u00f6nelik haz\u0131rlanm\u0131\u015ft\u0131r.<\/p>\n","protected":false},"excerpt":{"rendered":"<p>Dikkat ve zek\u00e2, \u00f6\u011frenme s\u00fcrecinin yap\u0131 ta\u015f\u0131d\u0131r. Bu s\u00fcrecin dikkat edilmesi ve verimli ge\u00e7mesi gereken evresi ise 48 aydan sonra ba\u015flar. \u201cDikkat Dikkat\u201d kitab\u0131 4 ya\u015f grubu \u00e7ocuklar\u0131n dikkat becerilerini geli\u015ftirmeyi ama\u00e7lar. Kitapta yer alan t\u00fcm etkinlikler, \u00e7ocuklar\u0131n dikkatini bir arada tutmaya, ayr\u0131nt\u0131lar\u0131 fark ettirebilmeye, el-g\u00f6z koordinasyonunu geli\u015ftirmeye, farkl\u0131l\u0131klar\u0131 ke\u015ffettirmeye y\u00f6nelik haz\u0131rlanm\u0131\u015ft\u0131r.<\/p>\n","protected":false},"featured_media":1887,"template":"","meta":[],"product_brand":[],"product_cat":[144],"product_tag":[],"class_list":{"0":"post-1886","1":"product","2":"type-product","3":"status-publish","4":"has-post-thumbnail","6":"product_cat-4-yas","8":"first","9":"instock","10":"shipping-taxable","11":"purchasable","12":"product-type-simple"},"_links":{"self":[{"href":"https:\/\/kuklacocukyayinlari.com\/web\/index.php?rest_route=\/wp\/v2\/product\/1886","targetHints":{"allow":["GET"]}}],"collection":[{"href":"https:\/\/kuklacocukyayinlari.com\/web\/index.php?rest_route=\/wp\/v2\/product"}],"about":[{"href":"https:\/\/kuklacocukyayinlari.com\/web\/index.php?rest_route=\/wp\/v2\/types\/product"}],"wp:featuredmedia":[{"embeddable":true,"href":"https:\/\/kuklacocukyayinlari.com\/web\/index.php?rest_route=\/wp\/v2\/media\/1887"}],"wp:attachment":[{"href":"https:\/\/kuklacocukyayinlari.com\/web\/index.php?rest_route=%2Fwp%2Fv2%2Fmedia&parent=1886"}],"wp:term":[{"taxonomy":"product_brand","embeddable":true,"href":"https:\/\/kuklacocukyayinlari.com\/web\/index.php?rest_route=%2Fwp%2Fv2%2Fproduct_brand&post=1886"},{"taxonomy":"product_cat","embeddable":true,"href":"https:\/\/kuklacocukyayinlari.com\/web\/index.php?rest_route=%2Fwp%2Fv2%2Fproduct_cat&post=1886"},{"taxonomy":"product_tag","embeddable":true,"href":"https:\/\/kuklacocukyayinlari.com\/web\/index.php?rest_route=%2Fwp%2Fv2%2Fproduct_tag&post=1886"}],"curies":[{"name":"wp","href":"https:\/\/api.w.org\/{rel}","templated":true}]}}