{"id":1884,"date":"2021-12-20T23:58:08","date_gmt":"2021-12-20T23:58:08","guid":{"rendered":"https:\/\/kuklacocukyayinlari.com\/web\/?post_type=product&#038;p=1884"},"modified":"2024-07-03T15:25:45","modified_gmt":"2024-07-03T15:25:45","slug":"boyuyorum-buyuyorum","status":"publish","type":"product","link":"https:\/\/kuklacocukyayinlari.com\/web\/?product=boyuyorum-buyuyorum","title":{"rendered":"Becerikli \u00c7ocuklar Boyuyorum B\u00fcy\u00fcyorum 4+Ya\u015f"},"content":{"rendered":"<p>4 ya\u015f d\u00f6nemindeki \u00e7ocuklar\u0131n el-g\u00f6z koordinasyonu ve psiko motor becerilerinin geli\u015fiminde kesme-yap\u0131\u015ft\u0131rma faaliyetleri son derece \u00f6nemlidir. \u201cK\u0131rt K\u0131rt Kesiyorum\u201d kitab\u0131ndaki etkinlikler i\u00e7in ihtiyac\u0131n\u0131z olan sadece bir makas ve bir yap\u0131\u015ft\u0131r\u0131c\u0131! \u00c7ocuklar\u0131n yapt\u0131\u011f\u0131 bu \u00e7al\u0131\u015fmalar\u0131 evde, okulda yada farkl\u0131 mek\u00e2nlarda kullanabilir, dekoratif ama\u00e7l\u0131 de\u011ferlendirebilirsiniz.<\/p>\n","protected":false},"excerpt":{"rendered":"<p>4 ya\u015f d\u00f6nemindeki \u00e7ocuklar\u0131n el-g\u00f6z koordinasyonu ve psiko motor becerilerinin geli\u015fiminde kesme-yap\u0131\u015ft\u0131rma faaliyetleri son derece \u00f6nemlidir. \u201cK\u0131rt K\u0131rt Kesiyorum\u201d kitab\u0131ndaki etkinlikler i\u00e7in ihtiyac\u0131n\u0131z olan sadece bir makas ve bir yap\u0131\u015ft\u0131r\u0131c\u0131! \u00c7ocuklar\u0131n yapt\u0131\u011f\u0131 bu \u00e7al\u0131\u015fmalar\u0131 evde, okulda yada farkl\u0131 mek\u00e2nlarda kullanabilir, dekoratif ama\u00e7l\u0131 de\u011ferlendirebilirsiniz.<\/p>\n","protected":false},"featured_media":1885,"template":"","meta":[],"product_brand":[],"product_cat":[144],"product_tag":[],"class_list":{"0":"post-1884","1":"product","2":"type-product","3":"status-publish","4":"has-post-thumbnail","6":"product_cat-4-yas","8":"first","9":"instock","10":"shipping-taxable","11":"purchasable","12":"product-type-simple"},"_links":{"self":[{"href":"https:\/\/kuklacocukyayinlari.com\/web\/index.php?rest_route=\/wp\/v2\/product\/1884","targetHints":{"allow":["GET"]}}],"collection":[{"href":"https:\/\/kuklacocukyayinlari.com\/web\/index.php?rest_route=\/wp\/v2\/product"}],"about":[{"href":"https:\/\/kuklacocukyayinlari.com\/web\/index.php?rest_route=\/wp\/v2\/types\/product"}],"wp:featuredmedia":[{"embeddable":true,"href":"https:\/\/kuklacocukyayinlari.com\/web\/index.php?rest_route=\/wp\/v2\/media\/1885"}],"wp:attachment":[{"href":"https:\/\/kuklacocukyayinlari.com\/web\/index.php?rest_route=%2Fwp%2Fv2%2Fmedia&parent=1884"}],"wp:term":[{"taxonomy":"product_brand","embeddable":true,"href":"https:\/\/kuklacocukyayinlari.com\/web\/index.php?rest_route=%2Fwp%2Fv2%2Fproduct_brand&post=1884"},{"taxonomy":"product_cat","embeddable":true,"href":"https:\/\/kuklacocukyayinlari.com\/web\/index.php?rest_route=%2Fwp%2Fv2%2Fproduct_cat&post=1884"},{"taxonomy":"product_tag","embeddable":true,"href":"https:\/\/kuklacocukyayinlari.com\/web\/index.php?rest_route=%2Fwp%2Fv2%2Fproduct_tag&post=1884"}],"curies":[{"name":"wp","href":"https:\/\/api.w.org\/{rel}","templated":true}]}}