{"id":1882,"date":"2021-12-20T23:56:11","date_gmt":"2021-12-20T23:56:11","guid":{"rendered":"https:\/\/kuklacocukyayinlari.com\/web\/?post_type=product&#038;p=1882"},"modified":"2024-07-03T15:25:49","modified_gmt":"2024-07-03T15:25:49","slug":"kirt-kirt-kesiyorum","status":"publish","type":"product","link":"https:\/\/kuklacocukyayinlari.com\/web\/?product=kirt-kirt-kesiyorum","title":{"rendered":"Becerikli \u00c7ocuklar K\u0131rt K\u0131rt Kesiyorum 4+Ya\u015f"},"content":{"rendered":"<p>\u00c7ocuklar\u0131n hayal g\u00fcc\u00fcn\u00fcn ve sanatsal y\u00f6n\u00fcn\u00fcn geli\u015fmesinde boyama kitaplar\u0131 \u00f6nemli bir yer tutar. \u201cBoyuyorum B\u00fcy\u00fcyorum\u201d kitab\u0131nda yer alan kavramlar\u0131 4 ya\u015f grubu \u00e7ocuklar\u0131n seviyesine uygun, motor becerilerini geli\u015ftirecek hayvanlardan, meyvelerden, sebzelerden, ta\u015f\u0131tlardan ve oyuncaklardan se\u00e7tik.<\/p>\n","protected":false},"excerpt":{"rendered":"<p>\u00c7ocuklar\u0131n hayal g\u00fcc\u00fcn\u00fcn ve sanatsal y\u00f6n\u00fcn\u00fcn geli\u015fmesinde boyama kitaplar\u0131 \u00f6nemli bir yer tutar. \u201cBoyuyorum B\u00fcy\u00fcyorum\u201d kitab\u0131nda yer alan kavramlar\u0131 4 ya\u015f grubu \u00e7ocuklar\u0131n seviyesine uygun, motor becerilerini geli\u015ftirecek hayvanlardan, meyvelerden, sebzelerden, ta\u015f\u0131tlardan ve oyuncaklardan se\u00e7tik.<\/p>\n","protected":false},"featured_media":1883,"template":"","meta":[],"product_brand":[],"product_cat":[144],"product_tag":[],"class_list":{"0":"post-1882","1":"product","2":"type-product","3":"status-publish","4":"has-post-thumbnail","6":"product_cat-4-yas","8":"first","9":"instock","10":"shipping-taxable","11":"purchasable","12":"product-type-simple"},"_links":{"self":[{"href":"https:\/\/kuklacocukyayinlari.com\/web\/index.php?rest_route=\/wp\/v2\/product\/1882","targetHints":{"allow":["GET"]}}],"collection":[{"href":"https:\/\/kuklacocukyayinlari.com\/web\/index.php?rest_route=\/wp\/v2\/product"}],"about":[{"href":"https:\/\/kuklacocukyayinlari.com\/web\/index.php?rest_route=\/wp\/v2\/types\/product"}],"wp:featuredmedia":[{"embeddable":true,"href":"https:\/\/kuklacocukyayinlari.com\/web\/index.php?rest_route=\/wp\/v2\/media\/1883"}],"wp:attachment":[{"href":"https:\/\/kuklacocukyayinlari.com\/web\/index.php?rest_route=%2Fwp%2Fv2%2Fmedia&parent=1882"}],"wp:term":[{"taxonomy":"product_brand","embeddable":true,"href":"https:\/\/kuklacocukyayinlari.com\/web\/index.php?rest_route=%2Fwp%2Fv2%2Fproduct_brand&post=1882"},{"taxonomy":"product_cat","embeddable":true,"href":"https:\/\/kuklacocukyayinlari.com\/web\/index.php?rest_route=%2Fwp%2Fv2%2Fproduct_cat&post=1882"},{"taxonomy":"product_tag","embeddable":true,"href":"https:\/\/kuklacocukyayinlari.com\/web\/index.php?rest_route=%2Fwp%2Fv2%2Fproduct_tag&post=1882"}],"curies":[{"name":"wp","href":"https:\/\/api.w.org\/{rel}","templated":true}]}}