{"id":1880,"date":"2021-12-20T23:55:14","date_gmt":"2021-12-20T23:55:14","guid":{"rendered":"https:\/\/kuklacocukyayinlari.com\/web\/?post_type=product&#038;p=1880"},"modified":"2024-07-03T15:25:54","modified_gmt":"2024-07-03T15:25:54","slug":"cizgi-kitabim","status":"publish","type":"product","link":"https:\/\/kuklacocukyayinlari.com\/web\/?product=cizgi-kitabim","title":{"rendered":"Becerikli \u00c7ocuklar \u00c7izgi Kitab\u0131m 4+Ya\u015f"},"content":{"rendered":"<p>4 ya\u015f\u0131ndaki \u00e7ocuklar\u0131n kol kaslar\u0131 hen\u00fcz geli\u015fmemi\u015ftir. Bu nedenle \u00e7e\u015fitli etkinliklerle bu kaslar\u0131n geli\u015fmesi sa\u011flanmal\u0131d\u0131r. Elinizdeki kitapla \u00e7ocuklar\u0131n kalem tutma, el-g\u00f6z koordinasyonu ve psiko motor becerileri geli\u015fecek; \u00e7ocuklar her sayfada yeni yeni kavramlarla tan\u0131\u015facak, ayr\u0131ca her sayfada yer alan y\u00f6nergeleri takip ederek dikkat becerisi kazanacak.<\/p>\n","protected":false},"excerpt":{"rendered":"<p>4 ya\u015f\u0131ndaki \u00e7ocuklar\u0131n kol kaslar\u0131 hen\u00fcz geli\u015fmemi\u015ftir. Bu nedenle \u00e7e\u015fitli etkinliklerle bu kaslar\u0131n geli\u015fmesi sa\u011flanmal\u0131d\u0131r. Elinizdeki kitapla \u00e7ocuklar\u0131n kalem tutma, el-g\u00f6z koordinasyonu ve psiko motor becerileri geli\u015fecek; \u00e7ocuklar her sayfada yeni yeni kavramlarla tan\u0131\u015facak, ayr\u0131ca her sayfada yer alan y\u00f6nergeleri takip ederek dikkat becerisi kazanacak.<\/p>\n","protected":false},"featured_media":1881,"template":"","meta":[],"product_brand":[],"product_cat":[144],"product_tag":[],"class_list":{"0":"post-1880","1":"product","2":"type-product","3":"status-publish","4":"has-post-thumbnail","6":"product_cat-4-yas","8":"first","9":"instock","10":"shipping-taxable","11":"purchasable","12":"product-type-simple"},"_links":{"self":[{"href":"https:\/\/kuklacocukyayinlari.com\/web\/index.php?rest_route=\/wp\/v2\/product\/1880","targetHints":{"allow":["GET"]}}],"collection":[{"href":"https:\/\/kuklacocukyayinlari.com\/web\/index.php?rest_route=\/wp\/v2\/product"}],"about":[{"href":"https:\/\/kuklacocukyayinlari.com\/web\/index.php?rest_route=\/wp\/v2\/types\/product"}],"wp:featuredmedia":[{"embeddable":true,"href":"https:\/\/kuklacocukyayinlari.com\/web\/index.php?rest_route=\/wp\/v2\/media\/1881"}],"wp:attachment":[{"href":"https:\/\/kuklacocukyayinlari.com\/web\/index.php?rest_route=%2Fwp%2Fv2%2Fmedia&parent=1880"}],"wp:term":[{"taxonomy":"product_brand","embeddable":true,"href":"https:\/\/kuklacocukyayinlari.com\/web\/index.php?rest_route=%2Fwp%2Fv2%2Fproduct_brand&post=1880"},{"taxonomy":"product_cat","embeddable":true,"href":"https:\/\/kuklacocukyayinlari.com\/web\/index.php?rest_route=%2Fwp%2Fv2%2Fproduct_cat&post=1880"},{"taxonomy":"product_tag","embeddable":true,"href":"https:\/\/kuklacocukyayinlari.com\/web\/index.php?rest_route=%2Fwp%2Fv2%2Fproduct_tag&post=1880"}],"curies":[{"name":"wp","href":"https:\/\/api.w.org\/{rel}","templated":true}]}}