{"id":1829,"date":"2021-12-20T22:40:19","date_gmt":"2021-12-20T22:40:19","guid":{"rendered":"https:\/\/kuklacocukyayinlari.com\/web\/?post_type=product&#038;p=1829"},"modified":"2024-07-03T15:27:22","modified_gmt":"2024-07-03T15:27:22","slug":"dikkat-gelistirme-5","status":"publish","type":"product","link":"https:\/\/kuklacocukyayinlari.com\/web\/?product=dikkat-gelistirme-5","title":{"rendered":"Dikkatli \u00c7ocuklar Dikkat Geli\u015ftirme 5+Ya\u015f"},"content":{"rendered":"<p>De\u011ferli anne babalar ve \u00f6\u011fretmenler,<br \/>\n3+-4+-5+-6+ ya\u015f \u00e7ocuklar i\u00e7in haz\u0131rlanan \u201cDikkat Geli\u015ftirme\u201d Kitab\u0131m\u0131zda; renk, \u015fekil, say\u0131, \u00e7izgi \u00e7al\u0131\u015fmalar\u0131<br \/>\nile ayn\u0131s\u0131n\u0131 bulma, farkl\u0131 olan\u0131 bulma, kodlama, s\u0131ra takibi, e\u015fle\u015ftirme, g\u00f6rsel tamamlama, \u00f6r\u00fcnt\u00fc gibi dikkat<br \/>\nbecerilerini geli\u015ftiren etkinliklere yer verilmi\u015ftir. Etkinlikler basitten z ora do\u011fru, geli\u015fimsel farkl\u0131l\u0131klar<br \/>\ng\u00f6z \u00f6n\u00fcnde bulundurularak haz\u0131rlanm\u0131\u015ft\u0131r. Kitab\u0131m\u0131z ile \u00e7ocuklar\u0131n odaklanarak \u00f6\u011frenmesini sa\u011flama,<br \/>\n\u00f6\u011frenmeye kar\u015f\u0131 olumlu tutum geli\u015ftirme ve ba\u015farma duygusunu ya\u015fayabilmeleri hedeflenmi\u015ftir.<\/p>\n","protected":false},"excerpt":{"rendered":"<p>De\u011ferli anne babalar ve \u00f6\u011fretmenler, 3+-4+-5+-6+ ya\u015f \u00e7ocuklar i\u00e7in haz\u0131rlanan \u201cDikkat Geli\u015ftirme\u201d Kitab\u0131m\u0131zda; renk, \u015fekil, say\u0131, \u00e7izgi \u00e7al\u0131\u015fmalar\u0131 ile ayn\u0131s\u0131n\u0131 bulma, farkl\u0131 olan\u0131 bulma, kodlama, s\u0131ra takibi, e\u015fle\u015ftirme, g\u00f6rsel tamamlama, \u00f6r\u00fcnt\u00fc gibi dikkat becerilerini geli\u015ftiren etkinliklere yer verilmi\u015ftir. Etkinlikler basitten z ora do\u011fru, geli\u015fimsel farkl\u0131l\u0131klar g\u00f6z \u00f6n\u00fcnde bulundurularak haz\u0131rlanm\u0131\u015ft\u0131r. Kitab\u0131m\u0131z ile \u00e7ocuklar\u0131n odaklanarak \u00f6\u011frenmesini sa\u011flama, [&hellip;]<\/p>\n","protected":false},"featured_media":1831,"template":"","meta":[],"product_brand":[],"product_cat":[145],"product_tag":[],"class_list":{"0":"post-1829","1":"product","2":"type-product","3":"status-publish","4":"has-post-thumbnail","6":"product_cat-5-yas","8":"first","9":"instock","10":"shipping-taxable","11":"purchasable","12":"product-type-simple"},"_links":{"self":[{"href":"https:\/\/kuklacocukyayinlari.com\/web\/index.php?rest_route=\/wp\/v2\/product\/1829","targetHints":{"allow":["GET"]}}],"collection":[{"href":"https:\/\/kuklacocukyayinlari.com\/web\/index.php?rest_route=\/wp\/v2\/product"}],"about":[{"href":"https:\/\/kuklacocukyayinlari.com\/web\/index.php?rest_route=\/wp\/v2\/types\/product"}],"wp:featuredmedia":[{"embeddable":true,"href":"https:\/\/kuklacocukyayinlari.com\/web\/index.php?rest_route=\/wp\/v2\/media\/1831"}],"wp:attachment":[{"href":"https:\/\/kuklacocukyayinlari.com\/web\/index.php?rest_route=%2Fwp%2Fv2%2Fmedia&parent=1829"}],"wp:term":[{"taxonomy":"product_brand","embeddable":true,"href":"https:\/\/kuklacocukyayinlari.com\/web\/index.php?rest_route=%2Fwp%2Fv2%2Fproduct_brand&post=1829"},{"taxonomy":"product_cat","embeddable":true,"href":"https:\/\/kuklacocukyayinlari.com\/web\/index.php?rest_route=%2Fwp%2Fv2%2Fproduct_cat&post=1829"},{"taxonomy":"product_tag","embeddable":true,"href":"https:\/\/kuklacocukyayinlari.com\/web\/index.php?rest_route=%2Fwp%2Fv2%2Fproduct_tag&post=1829"}],"curies":[{"name":"wp","href":"https:\/\/api.w.org\/{rel}","templated":true}]}}